{"id":19728,"date":"2024-08-19T13:07:01","date_gmt":"2024-08-19T11:07:01","guid":{"rendered":"https:\/\/www.snav.it\/?page_id=19728"},"modified":"2024-08-19T15:30:39","modified_gmt":"2024-08-19T13:30:39","slug":"pmr","status":"publish","type":"page","link":"https:\/\/snav.test3d0.it\/de\/pmr","title":{"rendered":"SNAV PMR &#8211; Spezielle Bed\u00fcrfnisse"},"content":{"rendered":"<div class=\"wpb-content-wrapper\"><p>[vc_row css=&#8220;.vc_custom_1672235143153{margin-top: 32px !important;margin-bottom: 72px !important;}&#8220;][vc_column width=&#8220;1\/6&#8243;][\/vc_column][vc_column width=&#8220;2\/3&#8243;]<div class=\"snav-page-title {{ $position }}\">\n    <h1>{{ $title }}<\/h1>\n<\/div>\n\n<div class=\"wpcf7 no-js\" id=\"wpcf7-f19738-o1\" lang=\"en-US\" dir=\"ltr\" data-wpcf7-id=\"19738\">\n<div class=\"screen-reader-response\"><p role=\"status\" aria-live=\"polite\" aria-atomic=\"true\"><\/p> <ul><\/ul><\/div>\n<form action=\"\/de\/wp-json\/wp\/v2\/pages\/19728#wpcf7-f19738-o1\" method=\"post\" class=\"wpcf7-form init\" aria-label=\"Contact form\" enctype=\"multipart\/form-data\" novalidate=\"novalidate\" data-status=\"init\">\n<fieldset class=\"hidden-fields-container\"><input type=\"hidden\" name=\"_wpcf7\" value=\"19738\" \/><input type=\"hidden\" name=\"_wpcf7_version\" value=\"6.1.5\" \/><input type=\"hidden\" name=\"_wpcf7_locale\" value=\"en_US\" \/><input type=\"hidden\" name=\"_wpcf7_unit_tag\" value=\"wpcf7-f19738-o1\" \/><input type=\"hidden\" name=\"_wpcf7_container_post\" value=\"0\" \/><input type=\"hidden\" name=\"_wpcf7_posted_data_hash\" value=\"\" \/><input type=\"hidden\" name=\"_wpcf7_recaptcha_response\" value=\"\" \/>\n<\/fieldset>\n<div class=\"col-xs-30 col-md-12\">\n\t<p><b>Ben\u00f6tigen Sie Hilfe f\u00fcr sich oder Ihre Mitreisenden?<\/b>\n\t<\/p>\n\t<p>F\u00fcr <b><u>Kroatien<\/u><\/b>, stellt die Hafenbeh\u00f6rde der zentralen Adria einen kostenlosen Assistenzdienst f\u00fcr Passagiere mit eingeschr\u00e4nkter Mobilit\u00e4t im Transit im Hafen von Ancona zur Verf\u00fcgung.\n\t<\/p>\n\t<p>Dieser Service muss 48 Stunden vor der Durchfahrt im Hafen angefordert werden, indem das unter folgendem Link herunterladbare Formular ausgef\u00fcllt und eingereicht wird: <a href=\"https:\/\/porto.ancona.it\/it\/page\/passeggeri-con-disabilita-ancona\" target=\"_blank\" alt=\"termini di privacy\" class=\"privacy\">https:\/\/porto.ancona.it\/it\/page\/passeggeri-con-disabilita-ancona<\/a>\n\t<\/p>\n\t<p>F\u00fcr alle anderen <b><u>SNAV-Linien<\/u><\/b> bitten wir Sie, sich 5 Tage und sp\u00e4testens 48 Arbeitsstunden vor der Abfahrt mit uns in Verbindung zu setzen und das folgende Formular auszuf\u00fcllen, um die notwendige Hilfe zu organisieren:\n\t<\/p>\n\t<div class=\"col-xs-30 col-md-3\">\n\t\t<p><label>Nachname *<\/label>\n\t\t<\/p>\n\t\t<p><span class=\"wpcf7-form-control-wrap\" data-name=\"cognome\"><input size=\"40\" maxlength=\"400\" class=\"wpcf7-form-control wpcf7-text wpcf7-validates-as-required\" aria-required=\"true\" aria-invalid=\"false\" value=\"\" type=\"text\" name=\"cognome\" \/><\/span>\n\t\t<\/p>\n\t<\/div>\n\t<div class=\"col-xs-30 col-md-3\">\n\t\t<p><label>Vorname *<\/label>\n\t\t<\/p>\n\t\t<p><span class=\"wpcf7-form-control-wrap\" data-name=\"nome\"><input size=\"40\" maxlength=\"400\" class=\"wpcf7-form-control wpcf7-text wpcf7-validates-as-required\" aria-required=\"true\" aria-invalid=\"false\" value=\"\" type=\"text\" name=\"nome\" \/><\/span>\n\t\t<\/p>\n\t<\/div>\n\t<div class=\"col-xs-30 col-md-3\">\n\t\t<p><label>E-mail *<\/label>\n\t\t<\/p>\n\t\t<p><span class=\"wpcf7-form-control-wrap\" data-name=\"email\"><input size=\"40\" maxlength=\"400\" class=\"wpcf7-form-control wpcf7-email wpcf7-validates-as-required wpcf7-text wpcf7-validates-as-email\" aria-required=\"true\" aria-invalid=\"false\" value=\"\" type=\"email\" name=\"email\" \/><\/span>\n\t\t<\/p>\n\t<\/div>\n\t<div class=\"col-xs-30 col-md-3\">\n\t\t<p><label>Telefonummer *<\/label>\n\t\t<\/p>\n\t\t<p><span class=\"wpcf7-form-control-wrap\" data-name=\"telefono\"><input size=\"40\" maxlength=\"400\" class=\"wpcf7-form-control wpcf7-tel wpcf7-validates-as-required wpcf7-text wpcf7-validates-as-tel\" aria-required=\"true\" aria-invalid=\"false\" value=\"\" type=\"tel\" name=\"telefono\" \/><\/span>\n\t\t<\/p>\n\t<\/div>\n\t<div class=\"col-xs-30 col-md-3\">\n\t\t<p><label>Ticket-Nummer *<\/label>\n\t\t<\/p>\n\t\t<p><span class=\"wpcf7-form-control-wrap\" data-name=\"biglietto\"><input size=\"40\" maxlength=\"400\" class=\"wpcf7-form-control wpcf7-text wpcf7-validates-as-required\" aria-required=\"true\" aria-invalid=\"false\" placeholder=\"\" value=\"\" type=\"text\" name=\"biglietto\" \/><\/span>\n\t\t<\/p>\n\t<\/div>\n\t<div class=\"col-xs-30 col-md-2\">\n\t\t<p><label>Einschiffungshafen *<\/label>\n\t\t<\/p>\n\t\t<p><span class=\"wpcf7-form-control-wrap\" data-name=\"imbarco\"><input size=\"40\" maxlength=\"400\" class=\"wpcf7-form-control wpcf7-text wpcf7-validates-as-required\" aria-required=\"true\" aria-invalid=\"false\" placeholder=\"\" value=\"\" type=\"text\" name=\"imbarco\" \/><\/span>\n\t\t<\/p>\n\t<\/div>\n\t<div class=\"col-xs-30 col-md-2\">\n\t\t<p><label>Ausschiffungshafen *<\/label>\n\t\t<\/p>\n\t\t<p><span class=\"wpcf7-form-control-wrap\" data-name=\"sbarco\"><input size=\"40\" maxlength=\"400\" class=\"wpcf7-form-control wpcf7-text wpcf7-validates-as-required\" aria-required=\"true\" aria-invalid=\"false\" placeholder=\"\" value=\"\" type=\"text\" name=\"sbarco\" \/><\/span>\n\t\t<\/p>\n\t<\/div>\n\t<div class=\"col-xs-30 col-md-3\">\n\t\t<p><label>Abreisedatum *<\/label>\n\t\t<\/p>\n\t\t<p><span class=\"wpcf7-form-control-wrap\" data-name=\"data_andata\"><input class=\"wpcf7-form-control wpcf7-date wpcf7-validates-as-required wpcf7-validates-as-date\" aria-required=\"true\" aria-invalid=\"false\" value=\"\" type=\"date\" name=\"data_andata\" \/><\/span>\n\t\t<\/p>\n\t<\/div>\n\t<div class=\"col-xs-30 col-md-2\">\n\t\t<p><label>Abfahrtszeit * <\/label>\n\t\t<\/p>\n\t\t<p><span class=\"wpcf7-form-control-wrap\" data-name=\"ora_andata\"><input size=\"40\" maxlength=\"400\" class=\"wpcf7-form-control wpcf7-text wpcf7-validates-as-required\" aria-required=\"true\" aria-invalid=\"false\" placeholder=\"00:00\" value=\"\" type=\"text\" name=\"ora_andata\" \/><\/span>\n\t\t<\/p>\n\t<\/div>\n\t<div class=\"col-xs-30 col-md-12\">\n\t\t<p><i>Um auch f\u00fcr die R\u00fcckreise Hilfe zu erhalten, reichen Sie bitte einen neuen Antrag mindestens 5 Tage und sp\u00e4testens 48 Werktstunden vor der Abreise ein.<\/i>\n\t\t<\/p>\n\t<\/div>\n\t<div class=\"col-xs-30 col-md-6\">\n\t\t<p><label><\/label>\n\t\t<\/p>\n\t\t<p>Name und Vorname des Fahrgastes, der Hilfe ben\u00f6tigt *\n\t\t<\/p>\n\t\t<p><span class=\"wpcf7-form-control-wrap\" data-name=\"adulti\"><input size=\"40\" maxlength=\"400\" class=\"wpcf7-form-control wpcf7-text wpcf7-validates-as-required\" aria-required=\"true\" aria-invalid=\"false\" value=\"\" type=\"text\" name=\"adulti\" \/><\/span>\n\t\t<\/p>\n\t<\/div>\n\t<div class=\"col-xs-30 col-md-12\">\n\t\t<p>Mobilit\u00e4tshilfe: *\n\t\t<\/p>\n\t\t<p><span class=\"wpcf7-form-control-wrap\" data-name=\"dispositivo_mobilita\"><select class=\"wpcf7-form-control wpcf7-select wpcf7-validates-as-required\" aria-required=\"true\" aria-invalid=\"false\" name=\"dispositivo_mobilita\"><option value=\"\">&#8212;Please choose an option&#8212;<\/option><option value=\"Ich habe eine motorische Behinderung, die die Nutzung meines eigenen manuellen Rollstuhls erfordert\">Ich habe eine motorische Behinderung, die die Nutzung meines eigenen manuellen Rollstuhls erfordert<\/option><option value=\"Ich habe eine motorische Behinderung, die die Nutzung meines eigenen elektrischen Rollstuhls erfordert\">Ich habe eine motorische Behinderung, die die Nutzung meines eigenen elektrischen Rollstuhls erfordert<\/option><option value=\"Ich habe eine motorische Behinderung, die die Nutzung meiner eigenen Mobilit\u00e4tshilfen erfordert (Gehstock, Gehhilfe, Kr\u00fccken usw.)\">Ich habe eine motorische Behinderung, die die Nutzung meiner eigenen Mobilit\u00e4tshilfen erfordert (Gehstock, Gehhilfe, Kr\u00fccken usw.)<\/option><option value=\"Ich habe eine leichte motorische Behinderung, die Unterst\u00fctzung durch die Reederei beim Ein- und Ausschiffen an Bord der Schiffe erfordert\">Ich habe eine leichte motorische Behinderung, die Unterst\u00fctzung durch die Reederei beim Ein- und Ausschiffen an Bord der Schiffe erfordert<\/option><option value=\"Ich habe eine leichte Behinderung, die Unterst\u00fctzung durch die Reederei beim Ein- und Ausschiffen an Bord der Schiffe mit einem Rollstuhl erfordert\">Ich habe eine leichte Behinderung, die Unterst\u00fctzung durch die Reederei beim Ein- und Ausschiffen an Bord der Schiffe mit einem Rollstuhl erfordert<\/option><option value=\"Anderes (bitte im Notizfeld angeben)\">Anderes (bitte im Notizfeld angeben)<\/option><\/select><\/span>\n\t\t<\/p>\n\t<\/div>\n\t<div class=\"col-xs-30 col-md-12\">\n\t\t<p>Zus\u00e4tzliche Anmerkungen:\n\t\t<\/p>\n\t\t<p><span class=\"wpcf7-form-control-wrap\" data-name=\"assistenza\"><textarea cols=\"40\" rows=\"10\" maxlength=\"2000\" class=\"wpcf7-form-control wpcf7-textarea\" aria-invalid=\"false\" placeholder=\"\" name=\"assistenza\"><\/textarea><\/span>\n\t\t<\/p>\n\t<\/div>\n\t<div class=\"col-xs-12 col-md-2\">\n\t\t<p>Anbei Ticket: *\n\t\t<\/p>\n\t\t<p><span class=\"wpcf7-form-control-wrap\" data-name=\"ticket\"><input size=\"40\" class=\"wpcf7-form-control wpcf7-file wpcf7-validates-as-required\" accept=\".pdf,.jpg\" aria-required=\"true\" aria-invalid=\"false\" type=\"file\" name=\"ticket\" \/><\/span>\n\t\t<\/p>\n\t<\/div>\n\t<div class=\"col-xs-30 col-md-12\">\n\t\n\t\t<p><span class=\"wpcf7-form-control-wrap\" data-name=\"privacy\"><span class=\"wpcf7-form-control wpcf7-acceptance\"><span class=\"wpcf7-list-item\"><input type=\"checkbox\" name=\"privacy\" value=\"1\" aria-invalid=\"false\" \/><\/span><\/span><\/span> In dem Wissen, dass das Unternehmen in den Bereichen, in denen es zust\u00e4ndig ist, kostenlos und soweit m\u00f6glich, <b>zu und von den Treffpunkten<\/b> gem\u00e4\u00df den Artikeln 11 und 12 Absatz 3 der Europ\u00e4ischen Verordnung \u00fcber die Rechte der Fahrg\u00e4ste im See- und Binnenschiffsverkehr, Personen mit Behinderungen oder PRMs <b>w\u00e4hrend der Ein- und Ausschiffung sowie an Bord der Schiffe<\/b> unterst\u00fctzt. Die Unterst\u00fctzung wird, soweit m\u00f6glich, an die individuellen Bed\u00fcrfnisse der Person mit Behinderung oder eingeschr\u00e4nkter Mobilit\u00e4t angepasst (Art. 10 EU-Verordnung 1177\/2010).\n\t\t<\/p>\n\t\t<p>Die folgenden <b>Treffpunkte<\/b> sind die festgelegten Orte, an die sich Personen mit Behinderungen oder PRMs <b>eigenst\u00e4ndig<\/b> begeben m\u00fcssen, um die angeforderte Unterst\u00fctzung zu erhalten:\n\t\t<\/p>\n\t\t<p>- Ticketb\u00fcro Neapel Beverello<br \/>\n- Ticketb\u00fcro Hafen Sorrent<br \/>\n- Ticketb\u00fcro Procida<br \/>\n- Ticketb\u00fcro Hafen Castellammare di Stabia<br \/>\n- Ticketb\u00fcro Capri<br \/>\n- Ticketb\u00fcro Neapel Mergellina<br \/>\n- Ticketb\u00fcro Ancona<br \/>\n- Ticketb\u00fcro Split<br \/>\n- F\u00fcr Casamicciola, die Inseln Ponza und Ventotene sowie die \u00c4olischen Inseln (Lipari, Stromboli, Salina, Vulcano, Panarea) befinden sich die <b>Treffpunkte<\/b> an den Passagier-Ein- und Ausschiffungsbereichen, also an den Anlegestellen.\n\t\t<\/p>\n\t\n\t\t<p><span class=\"wpcf7-form-control-wrap\" data-name=\"privacy\"><span class=\"wpcf7-form-control wpcf7-acceptance\"><span class=\"wpcf7-list-item\"><input type=\"checkbox\" name=\"privacy\" value=\"1\" aria-invalid=\"false\" \/><\/span><\/span><\/span> Um Ihnen die gew\u00fcnschte Unterst\u00fctzung zu leisten, m\u00fcssen wir notwendigerweise personenbezogene Daten verarbeiten, die Ihren Gesundheitszustand offenlegen k\u00f6nnen.\n\t\t<\/p>\n\t\t<p>Diese Verarbeitung basiert auf Ihrer ausdr\u00fccklichen Zustimmung zur Verarbeitung dieser Daten gem\u00e4\u00df Art. 9 Buchstabe. a) der Verordnung (EU) 2016\/679.<br \/>\nMit der \u00dcbermittlung des Antrags best\u00e4tigen Sie, dass Sie die Datenschutzerkl\u00e4rung unter dieser Adresse <a href=\"\/privacy\" target=\"_blank\" alt=\"termini di privacy\" class=\"privacy\">https:\/\/www.snav.it\/privacy<\/a> gelesen haben und stimmen der Verarbeitung Ihrer personenbezogenen Daten zur Erbringung der angeforderten Dienstleistung zu.\n\t\t<\/p>\n\t\t<p>Weitere Details finden Sie in der <a href=\"https:\/\/www.snav.it\/go\/informativa-pmr\" target=\"_blank\" alt=\"termini di privacy\" class=\"privacy\">l'informativa PMR - Persone a Mobilit\u00e0 Ridotta.<\/a>\n\t\t<\/p>\n\t\t<p><i>* Feld ist Pflichtfeld.<\/i>\n\t\t<\/p>\n\t\t<p><input class=\"wpcf7-form-control wpcf7-submit has-spinner\" type=\"submit\" value=\"Anfrage senden\" \/>\n\t\t<\/p>\n\t<\/div>\n<\/div><div class=\"wpcf7-response-output\" aria-hidden=\"true\"><\/div>\n<\/form>\n<\/div>\n[\/vc_column][vc_column width=&#8220;1\/6&#8243;][\/vc_column][\/vc_row]<\/p>\n<\/div>","protected":false},"excerpt":{"rendered":"<p>[vc_row css=&#8220;.vc_custom_1672235143153{margin-top: 32px !important;margin-bottom: 72px !important;}&#8220;][vc_column width=&#8220;1\/6&#8243;][\/vc_column][vc_column width=&#8220;2\/3&#8243;][\/vc_column][vc_column width=&#8220;1\/6&#8243;][\/vc_column][\/vc_row]<\/p>\n","protected":false},"author":6,"featured_media":0,"parent":0,"menu_order":0,"comment_status":"closed","ping_status":"closed","template":"","meta":{"footnotes":""},"class_list":["post-19728","page","type-page","status-publish","hentry"],"_links":{"self":[{"href":"https:\/\/snav.test3d0.it\/de\/wp-json\/wp\/v2\/pages\/19728","targetHints":{"allow":["GET"]}}],"collection":[{"href":"https:\/\/snav.test3d0.it\/de\/wp-json\/wp\/v2\/pages"}],"about":[{"href":"https:\/\/snav.test3d0.it\/de\/wp-json\/wp\/v2\/types\/page"}],"author":[{"embeddable":true,"href":"https:\/\/snav.test3d0.it\/de\/wp-json\/wp\/v2\/users\/6"}],"replies":[{"embeddable":true,"href":"https:\/\/snav.test3d0.it\/de\/wp-json\/wp\/v2\/comments?post=19728"}],"version-history":[{"count":2,"href":"https:\/\/snav.test3d0.it\/de\/wp-json\/wp\/v2\/pages\/19728\/revisions"}],"predecessor-version":[{"id":19745,"href":"https:\/\/snav.test3d0.it\/de\/wp-json\/wp\/v2\/pages\/19728\/revisions\/19745"}],"wp:attachment":[{"href":"https:\/\/snav.test3d0.it\/de\/wp-json\/wp\/v2\/media?parent=19728"}],"curies":[{"name":"wp","href":"https:\/\/api.w.org\/{rel}","templated":true}]}}