{"id":19776,"date":"2024-08-30T15:36:45","date_gmt":"2024-08-30T13:36:45","guid":{"rendered":"https:\/\/www.snav.it\/?page_id=19776"},"modified":"2024-08-30T15:36:45","modified_gmt":"2024-08-30T13:36:45","slug":"fatture","status":"publish","type":"page","link":"https:\/\/snav.test3d0.it\/fr\/fatture","title":{"rendered":"SNAV Demandez facture"},"content":{"rendered":"<div class=\"wpb-content-wrapper\"><p>[vc_row css=\u00a0\u00bb.vc_custom_1672238184030{margin-top: 32px !important;margin-bottom: 72px !important;}\u00a0\u00bb][vc_column width=\u00a0\u00bb1\/6&Prime;][\/vc_column][vc_column width=\u00a0\u00bb2\/3&Prime;]<div class=\"snav-page-title {{ $position }}\">\n    <h1>{{ $title }}<\/h1>\n<\/div>\n\n<div class=\"wpcf7 no-js\" id=\"wpcf7-f19785-o1\" lang=\"en-US\" dir=\"ltr\" data-wpcf7-id=\"19785\">\n<div class=\"screen-reader-response\"><p role=\"status\" aria-live=\"polite\" aria-atomic=\"true\"><\/p> <ul><\/ul><\/div>\n<form action=\"\/fr\/wp-json\/wp\/v2\/pages\/19776#wpcf7-f19785-o1\" method=\"post\" class=\"wpcf7-form init\" aria-label=\"Contact form\" enctype=\"multipart\/form-data\" novalidate=\"novalidate\" data-status=\"init\">\n<fieldset class=\"hidden-fields-container\"><input type=\"hidden\" name=\"_wpcf7\" value=\"19785\" \/><input type=\"hidden\" name=\"_wpcf7_version\" value=\"6.1.5\" \/><input type=\"hidden\" name=\"_wpcf7_locale\" value=\"en_US\" \/><input type=\"hidden\" name=\"_wpcf7_unit_tag\" value=\"wpcf7-f19785-o1\" \/><input type=\"hidden\" name=\"_wpcf7_container_post\" value=\"0\" \/><input type=\"hidden\" name=\"_wpcf7_posted_data_hash\" value=\"\" \/><input type=\"hidden\" name=\"_wpcf7_recaptcha_response\" value=\"\" \/>\n<\/fieldset>\n<div class=\"col-xs-30 col-md-12\">\n\t<p><b>Avez-vous besoin d\u2019une facture?<\/b>\n\t<\/p>\n\t<p>Pour acheter le billet aux <b><u>billetteries<\/u><\/b>, nous vous rappelons qu\u2019il est obligatoire de demander et d\u2019\u00e9mettre la facture au moment de l\u2019achat et du paiement.\n\t<\/p>\n\t<p>Pour acheter votre billet par l\u2019interm\u00e9diaire du <b><u>Contact Center ou du site web SNAV.it<\/u><\/b>, veuillez remplir le formulaire suivant dans les 24 heures suivant l\u2019\u00e9mission de votre billet:\n\t<\/p>\n\t<div class=\"col-xs-30 col-md-2\">\n\t\t<p><label>Nom de famille *<\/label>\n\t\t<\/p>\n\t\t<p><span class=\"wpcf7-form-control-wrap\" data-name=\"cognome\"><input size=\"40\" maxlength=\"400\" class=\"wpcf7-form-control wpcf7-text wpcf7-validates-as-required\" aria-required=\"true\" aria-invalid=\"false\" value=\"\" type=\"text\" name=\"cognome\" \/><\/span>\n\t\t<\/p>\n\t<\/div>\n\t<div class=\"col-xs-30 col-md-2\">\n\t\t<p><label>Prenom *<\/label>\n\t\t<\/p>\n\t\t<p><span class=\"wpcf7-form-control-wrap\" data-name=\"nome\"><input size=\"40\" maxlength=\"400\" class=\"wpcf7-form-control wpcf7-text wpcf7-validates-as-required\" aria-required=\"true\" aria-invalid=\"false\" value=\"\" type=\"text\" name=\"nome\" \/><\/span>\n\t\t<\/p>\n\t<\/div>\n\t<div class=\"col-xs-30 col-md-3\">\n\t\t<p><label>Raison social *<\/label>\n\t\t<\/p>\n\t\t<p><span class=\"wpcf7-form-control-wrap\" data-name=\"ragione\"><input size=\"40\" maxlength=\"400\" class=\"wpcf7-form-control wpcf7-text wpcf7-validates-as-required\" aria-required=\"true\" aria-invalid=\"false\" value=\"\" type=\"text\" name=\"ragione\" \/><\/span>\n\t\t<\/p>\n\t<\/div>\n\t<div class=\"col-xs-30 col-md-3\">\n\t\t<p><label>Adresse e-mail *<\/label>\n\t\t<\/p>\n\t\t<p><span class=\"wpcf7-form-control-wrap\" data-name=\"email\"><input size=\"40\" maxlength=\"400\" class=\"wpcf7-form-control wpcf7-email wpcf7-validates-as-required wpcf7-text wpcf7-validates-as-email\" aria-required=\"true\" aria-invalid=\"false\" value=\"\" type=\"email\" name=\"email\" \/><\/span>\n\t\t<\/p>\n\t<\/div>\n\t<div class=\"col-xs-30 col-md-2\">\n\t\t<p><label>T\u00e9l\u00e9phone *<\/label>\n\t\t<\/p>\n\t\t<p><span class=\"wpcf7-form-control-wrap\" data-name=\"telefono\"><input size=\"40\" maxlength=\"400\" class=\"wpcf7-form-control wpcf7-tel wpcf7-validates-as-required wpcf7-text wpcf7-validates-as-tel\" aria-required=\"true\" aria-invalid=\"false\" value=\"\" type=\"tel\" name=\"telefono\" \/><\/span>\n\t\t<\/p>\n\t<\/div>\n\t<div class=\"col-xs-30 col-md-3\">\n\t\t<p><label>Num\u00e9ro de billet *<\/label>\n\t\t<\/p>\n\t\t<p><span class=\"wpcf7-form-control-wrap\" data-name=\"biglietto\"><input size=\"40\" maxlength=\"400\" class=\"wpcf7-form-control wpcf7-text wpcf7-validates-as-required\" aria-required=\"true\" aria-invalid=\"false\" placeholder=\"\" value=\"\" type=\"text\" name=\"biglietto\" \/><\/span>\n\t\t<\/p>\n\t<\/div>\n\t<div class=\"col-xs-30 col-md-2\">\n\t\t<p><label>TVA *<\/label>\n\t\t<\/p>\n\t\t<p><span class=\"wpcf7-form-control-wrap\" data-name=\"iva\"><input size=\"40\" maxlength=\"400\" class=\"wpcf7-form-control wpcf7-text wpcf7-validates-as-required\" aria-required=\"true\" aria-invalid=\"false\" placeholder=\"\" value=\"\" type=\"text\" name=\"iva\" \/><\/span>\n\t\t<\/p>\n\t<\/div>\n\t<div class=\"col-xs-30 col-md-2\">\n\t\t<p><label>Identification fiscale <\/label>\n\t\t<\/p>\n\t\t<p><span class=\"wpcf7-form-control-wrap\" data-name=\"codicefiscale\"><input size=\"40\" maxlength=\"400\" class=\"wpcf7-form-control wpcf7-text\" aria-invalid=\"false\" placeholder=\"\" value=\"\" type=\"text\" name=\"codicefiscale\" \/><\/span>\n\t\t<\/p>\n\t<\/div>\n\t<div class=\"col-xs-30 col-md-2\">\n\t\t<p><label>Code du destinataire <\/label>\n\t\t<\/p>\n\t\t<p><span class=\"wpcf7-form-control-wrap\" data-name=\"codicedestinatario\"><input size=\"40\" maxlength=\"400\" class=\"wpcf7-form-control wpcf7-text\" aria-invalid=\"false\" placeholder=\"\" value=\"\" type=\"text\" name=\"codicedestinatario\" \/><\/span>\n\t\t<\/p>\n\t<\/div>\n\t<div class=\"col-xs-30 col-md-3\">\n\t\t<p><label>Adresse PEC <\/label>\n\t\t<\/p>\n\t\t<p><span class=\"wpcf7-form-control-wrap\" data-name=\"pec\"><input size=\"40\" maxlength=\"400\" class=\"wpcf7-form-control wpcf7-email wpcf7-text wpcf7-validates-as-email\" aria-invalid=\"false\" value=\"\" type=\"email\" name=\"pec\" \/><\/span>\n\t\t<\/p>\n\t<\/div>\n\t<div class=\"col-xs-30 col-md-2\">\n\t\t<p><label>Nation *<\/label>\n\t\t<\/p>\n\t\t<p><span class=\"wpcf7-form-control-wrap\" data-name=\"nazione\"><input size=\"40\" maxlength=\"400\" class=\"wpcf7-form-control wpcf7-text wpcf7-validates-as-required\" aria-required=\"true\" aria-invalid=\"false\" placeholder=\"\" value=\"\" type=\"text\" name=\"nazione\" \/><\/span>\n\t\t<\/p>\n\t<\/div>\n\t<div class=\"col-xs-30 col-md-2\">\n\t\t<p><label>R\u00e9gion *<\/label>\n\t\t<\/p>\n\t\t<p><span class=\"wpcf7-form-control-wrap\" data-name=\"regione\"><input size=\"40\" maxlength=\"400\" class=\"wpcf7-form-control wpcf7-text wpcf7-validates-as-required\" aria-required=\"true\" aria-invalid=\"false\" placeholder=\"\" value=\"\" type=\"text\" name=\"regione\" \/><\/span>\n\t\t<\/p>\n\t<\/div>\n\t<div class=\"col-xs-30 col-md-2\">\n\t\t<p><label>D\u00e9partement *<\/label>\n\t\t<\/p>\n\t\t<p><span class=\"wpcf7-form-control-wrap\" data-name=\"provincia\"><input size=\"40\" maxlength=\"400\" class=\"wpcf7-form-control wpcf7-text wpcf7-validates-as-required\" aria-required=\"true\" aria-invalid=\"false\" placeholder=\"\" value=\"\" type=\"text\" name=\"provincia\" \/><\/span>\n\t\t<\/p>\n\t<\/div>\n\t<div class=\"col-xs-30 col-md-2\">\n\t\t<p><label>Ville *<\/label>\n\t\t<\/p>\n\t\t<p><span class=\"wpcf7-form-control-wrap\" data-name=\"comune\"><input size=\"40\" maxlength=\"400\" class=\"wpcf7-form-control wpcf7-text wpcf7-validates-as-required\" aria-required=\"true\" aria-invalid=\"false\" placeholder=\"\" value=\"\" type=\"text\" name=\"comune\" \/><\/span>\n\t\t<\/p>\n\t<\/div>\n\t<div class=\"col-xs-30 col-md-2\">\n\t\t<p><label>Adresse *<\/label>\n\t\t<\/p>\n\t\t<p><span class=\"wpcf7-form-control-wrap\" data-name=\"indirizzo\"><input size=\"40\" maxlength=\"400\" class=\"wpcf7-form-control wpcf7-text wpcf7-validates-as-required\" aria-required=\"true\" aria-invalid=\"false\" placeholder=\"\" value=\"\" type=\"text\" name=\"indirizzo\" \/><\/span>\n\t\t<\/p>\n\t<\/div>\n\t<div class=\"col-xs-30 col-md-1\">\n\t\t<p><label>Num\u00e9ro<\/label>\n\t\t<\/p>\n\t\t<p><span class=\"wpcf7-form-control-wrap\" data-name=\"civico\"><input size=\"40\" maxlength=\"400\" class=\"wpcf7-form-control wpcf7-text\" aria-invalid=\"false\" placeholder=\"\" value=\"\" type=\"text\" name=\"civico\" \/><\/span>\n\t\t<\/p>\n\t<\/div>\n\t<div class=\"col-xs-30 col-md-1\">\n\t\t<p><label>C. postal<\/label>\n\t\t<\/p>\n\t\t<p><span class=\"wpcf7-form-control-wrap\" data-name=\"cap\"><input size=\"40\" maxlength=\"400\" class=\"wpcf7-form-control wpcf7-text\" aria-invalid=\"false\" placeholder=\"\" value=\"\" type=\"text\" name=\"cap\" \/><\/span>\n\t\t<\/p>\n\t<\/div>\n\t<div class=\"col-xs-30 col-md-12\">\n\t\t<p><i> <\/i>\n\t\t<\/p>\n\t<\/div>\n\t<div class=\"col-xs-12 col-md-2\">\n\t\t<p>Joindre le billet: *\n\t\t<\/p>\n\t\t<p><span class=\"wpcf7-form-control-wrap\" data-name=\"ticket\"><input size=\"40\" class=\"wpcf7-form-control wpcf7-file wpcf7-validates-as-required\" accept=\".pdf,.jpg\" aria-required=\"true\" aria-invalid=\"false\" type=\"file\" name=\"ticket\" \/><\/span>\n\t\t<\/p>\n\t<\/div>\n\t<div class=\"col-xs-30 col-md-12\">\n\t\n\t\t<p><span class=\"wpcf7-form-control-wrap\" data-name=\"privacy\"><span class=\"wpcf7-form-control wpcf7-acceptance\"><span class=\"wpcf7-list-item\"><input type=\"checkbox\" name=\"privacy\" value=\"1\" aria-invalid=\"false\" \/><\/span><\/span><\/span> Cliquez ici <a href=\"\/privacy\" target=\"_blank\" alt=\"termini di privacy\" class=\"privacy\">https:\/\/www.snav.it\/privacy<\/a> pour consulter les informations sur le traitement de vos donn\u00e9es personnelles.\n\t\t<\/p>\n\t\t<p><i>* Section obligatoires.<\/i>\n\t\t<\/p>\n\t\t<p><input class=\"wpcf7-form-control wpcf7-submit has-spinner\" type=\"submit\" value=\"Envoyer la demande\" \/>\n\t\t<\/p>\n\t<\/div>\n<\/div>\n<div class=\"col-xs-30 col-md-12\">\n\t<p><i>Si vous avez re\u00e7u une facture avec des donn\u00e9es incorrectes, vous pouvez la corriger vous-m\u00eame en vous connectant au site Web <a href=\"https:\/\/registrazione-anagrafiche.snav.it\/login\/\" target=\"_blank\" alt=\"Anagrafica Fatture\" class=\"privacy\">https:\/\/registrazione-anagrafiche.snav.it<\/a> avec votre adresse e-mail.<br \/>\nSi vous ne vous souvenez pas de vos donn\u00e9es de connexion, cliquez sur \"<a href=\"https:\/\/registrazione-anagrafiche.snav.it\/login\/\" target=\"_blank\" alt=\"Anagrafica Fatture\" class=\"privacy\">Mot de passe oubli\u00e9<\/a>\".<\/i>\n\t<\/p>\n<\/div><div class=\"wpcf7-response-output\" aria-hidden=\"true\"><\/div>\n<\/form>\n<\/div>\n[\/vc_column][vc_column width=\u00a0\u00bb1\/6&Prime;][\/vc_column][\/vc_row]<\/p>\n<\/div>","protected":false},"excerpt":{"rendered":"<p>[vc_row css=\u00a0\u00bb.vc_custom_1672238184030{margin-top: 32px !important;margin-bottom: 72px !important;}\u00a0\u00bb][vc_column width=\u00a0\u00bb1\/6&Prime;][\/vc_column][vc_column width=\u00a0\u00bb2\/3&Prime;][\/vc_column][vc_column width=\u00a0\u00bb1\/6&Prime;][\/vc_column][\/vc_row]<\/p>\n","protected":false},"author":6,"featured_media":0,"parent":0,"menu_order":0,"comment_status":"closed","ping_status":"closed","template":"","meta":{"footnotes":""},"class_list":["post-19776","page","type-page","status-publish","hentry"],"_links":{"self":[{"href":"https:\/\/snav.test3d0.it\/fr\/wp-json\/wp\/v2\/pages\/19776","targetHints":{"allow":["GET"]}}],"collection":[{"href":"https:\/\/snav.test3d0.it\/fr\/wp-json\/wp\/v2\/pages"}],"about":[{"href":"https:\/\/snav.test3d0.it\/fr\/wp-json\/wp\/v2\/types\/page"}],"author":[{"embeddable":true,"href":"https:\/\/snav.test3d0.it\/fr\/wp-json\/wp\/v2\/users\/6"}],"replies":[{"embeddable":true,"href":"https:\/\/snav.test3d0.it\/fr\/wp-json\/wp\/v2\/comments?post=19776"}],"version-history":[{"count":1,"href":"https:\/\/snav.test3d0.it\/fr\/wp-json\/wp\/v2\/pages\/19776\/revisions"}],"predecessor-version":[{"id":19786,"href":"https:\/\/snav.test3d0.it\/fr\/wp-json\/wp\/v2\/pages\/19776\/revisions\/19786"}],"wp:attachment":[{"href":"https:\/\/snav.test3d0.it\/fr\/wp-json\/wp\/v2\/media?parent=19776"}],"curies":[{"name":"wp","href":"https:\/\/api.w.org\/{rel}","templated":true}]}}